{"id":16663,"date":"2022-09-30T12:10:11","date_gmt":"2022-09-30T18:10:11","guid":{"rendered":"https:\/\/clearwater-wp-staging.clearwateranalytics.com\/clearwater-prism-fr\/"},"modified":"2024-09-30T03:12:15","modified_gmt":"2024-09-30T09:12:15","slug":"reporting-prism","status":"publish","type":"page","link":"https:\/\/clearwater-wp-staging.clearwateranalytics.com\/fr\/reporting-prism\/","title":{"rendered":"Data et Reporting [Prism]"},"content":{"rendered":"","protected":false},"excerpt":{"rendered":"","protected":false},"author":61,"featured_media":0,"parent":0,"menu_order":0,"comment_status":"closed","ping_status":"closed","template":"page-markets.php","meta":{"_acf_changed":false,"inline_featured_image":false,"footnotes":""},"class_list":["post-16663","page","type-page","status-publish","hentry"],"acf":{"clients_logos":false,"activate_background_ellipses":true,"image_g_cta":"https:\/\/clearwater-wp-staging.clearwateranalytics.com\/wp-content\/uploads\/2021\/08\/navy-suit-woman.png","text_g_cta":"D\u00e9couvrez pourquoi les acteurs majeurs du buy-side font confiance \u00e0 Clearwater Analytics pour la comptabilit\u00e9 et le reporting de leurs investissements. ","link_g_cta":{"title":"Parlez \u00e0 nos experts ","url":"\/fr\/parlez-a-un-expert\/","target":"_blank"},"intro_layouts":"intro_side_images","intro_with_large_image":{"background_color":false,"headline":"","image":false,"description":"","link":""},"upper_title_aa":"","headline_aa":"Les fonctionnalit\u00e9s de Clearwater Prism","content_aa":"<p><span class=\"TextRun SCXW221563341 BCX8\" lang=\"FR\" xml:lang=\"FR\" data-contrast=\"none\"><span class=\"NormalTextRun SCXW221563341 BCX8\">Clearwater <\/span><span class=\"NormalTextRun SpellingErrorV2Themed SCXW221563341 BCX8\">Prism<\/span><span class=\"NormalTextRun SCXW221563341 BCX8\"> permet aux acteurs du <\/span><span class=\"NormalTextRun SpellingErrorV2Themed SCXW221563341 BCX8\">buy-side<\/span><span class=\"NormalTextRun SCXW221563341 BCX8\"> d\u2019obtenir une vue d\u2019ensemble des diff\u00e9rents actifs en portefeuille, provenant de plusieurs sources, dans une solution unique.\u00a0<\/span><\/span><\/p>\n","analytics_aa":[{"icon":false,"title":"Reporting digital et flexible","description":"Acc\u00e9dez \u00e0 une biblioth\u00e8que de rapports pr\u00e9construits qui peuvent \u00eatre modifi\u00e9s ou enrichis, afin de r\u00e9pondre aux demandes sp\u00e9cifiques de vos clients.","general_inquires":{"activate":false,"phone_number":""}},{"icon":false,"title":"Agr\u00e9gation et traitement des donn\u00e9es","description":"Clearwater\u202fPrism permet d\u2019ing\u00e9rer, de normaliser et d\u2019agr\u00e9ger des donn\u00e9es provenant de diff\u00e9rentes sources, ce qui met un terme aux silos de donn\u00e9es et aux op\u00e9rations manuelles. ","general_inquires":{"activate":false,"phone_number":""}},{"icon":false,"title":"Tra\u00e7abilit\u00e9 et transparence","description":"Connectez-vous au portail digital et consultez vos donn\u00e9es \u00e0 tout moment et o\u00f9 que vous soyez. Clearwater Prism vous apporte de la transparence dans le traitement de la donn\u00e9e.","general_inquires":{"activate":false,"phone_number":""}},{"icon":false,"title":"Un mod\u00e8le cr\u00e9\u00e9 pour la gestion des investissements","description":"Clearwater Prism utilise notamment une biblioth\u00e8que d\u2019API open source afin d\u2019agr\u00e9ger et de consolider vos donn\u00e9es d'investissement au sein de votre entrep\u00f4t de donn\u00e9es. ","general_inquires":{"activate":false,"phone_number":""}},{"icon":false,"title":"Rapports personnalisables et supports pour comit\u00e9 de gestion ","description":"Mettez en valeur vos points forts. S\u00e9lectionnez vos donn\u00e9es les plus importantes et pr\u00e9sentez-les gr\u00e2ce \u00e0 des documents personnalis\u00e9s de qualit\u00e9. De la cr\u00e9ation \u00e0 l\u2019envoi, en passant par la g\u00e9n\u00e9ration du document, le processus est automatis\u00e9.    ","general_inquires":{"activate":false,"phone_number":""}},{"icon":false,"title":"Pour des \u00e9quipes autonomes ","description":"Notre solution simple et accessible, propose des outils intuitifs et interactifs, vous permet d'acc\u00e9der \u00e0 tous les types de rapports et de les configurer en quelques clics. ","general_inquires":{"activate":false,"phone_number":""}}],"bg_img_tab":"https:\/\/clearwater-wp-staging.clearwateranalytics.com\/wp-content\/uploads\/2021\/08\/iStock-1206204635.png","bg_overlay_group":{"activate_gradient":true,"top_color":"#6756a5"},"cta_tabs":{"show_cta":true,"content":"Vous souhaitez en savoir plus ?","link":{"title":"Parlez \u00e0 nos experts","url":"\/fr\/parlez-a-un-expert\/","target":""}},"tabs":[{"logo_tab":false,"title":"Prism Warehouse","content":"<p style=\"text-align: center;\"><span class=\"TextRun SCXW254608840 BCX8\" lang=\"FR\" xml:lang=\"FR\" data-contrast=\"none\"><span class=\"NormalTextRun SpellingErrorV2Themed SCXW254608840 BCX8\">Prism<\/span><span class=\"NormalTextRun SCXW254608840 BCX8\"> Warehouse permet d\u2019obtenir davantage de transparence et de consistance sur l\u2019ensemble des donn\u00e9es ing\u00e9r\u00e9es depuis diff\u00e9rentes sources, tout en assurant leur int\u00e9gration, leur traitement, leur l\u2019int\u00e9grit\u00e9 et leur tra\u00e7abilit\u00e9.<\/span><\/span><\/p>\n","add_link_to_this_tab":true,"link":{"title":"Lire la brochure sur Prism Warehouse","url":"https:\/\/clearwater-wp-staging.clearwateranalytics.com\/resources\/ebooks\/clearwater-prism-data\/","target":""},"quote_tab":{"display_quote":false,"quote_text":"","author":""}},{"logo_tab":false,"title":"Prism Reporting & Statements","content":"<p style=\"text-align: center;\"><span class=\"TextRun SCXW202093724 BCX8\" lang=\"FR\" xml:lang=\"FR\" data-contrast=\"auto\"><span class=\"NormalTextRun SpellingErrorV2Themed SCXW202093724 BCX8\">Prism<\/span> <span class=\"NormalTextRun SpellingErrorV2Themed SCXW202093724 BCX8\">Reporting &amp; Statements<\/span><span class=\"NormalTextRun SCXW202093724 BCX8\"> vous permet de mettre en valeur l\u2019ensemble des donn\u00e9es brutes pr\u00e9alablement consolid\u00e9es et <span class=\"TextRun SCXW258444327 BCX8\" lang=\"FR\" xml:lang=\"FR\" data-contrast=\"auto\"><span class=\"NormalTextRun SCXW258444327 BCX8\">de cr\u00e9er, en toute autonomie et de fa\u00e7on automatis\u00e9e, des documents personnalis\u00e9s de qualit\u00e9.<\/span><\/span><\/span><\/span><\/p>\n","add_link_to_this_tab":true,"link":{"title":"Lire la brochure sur Prism Reporting & Statements","url":"https:\/\/clearwater-wp-staging.clearwateranalytics.com\/resources\/ebooks\/clearwater-prism-reporting-and-statements\/","target":""},"quote_tab":{"display_quote":false,"quote_text":"","author":""}}],"intro_aside_img":{"background_color":"choose-color","upper_title":"Clearwater Prism :","headline":"Plateforme de reporting multi-sources \u00e0 destination des acteurs du buy-side","left_img":"https:\/\/clearwater-wp-staging.clearwateranalytics.com\/wp-content\/uploads\/2021\/08\/navy-suit-woman.png","right_img":"https:\/\/clearwater-wp-staging.clearwateranalytics.com\/wp-content\/uploads\/2021\/08\/blue-shirt-man.png","description":"Clearwater Prism est une solution de reporting nativement Cloud, en architecture ouverte, qui permet d\u2019agr\u00e9ger des donn\u00e9es sur toutes classes d\u2019actifs confondues, et de diff\u00e9rentes sources : d\u00e9positaires, fournisseurs de donn\u00e9es, prestataires de services ou tous types de plateformes internes ou externes","link":{"title":"Parlez avec un expert","url":"\/fr\/parlez-a-un-expert\/","target":""}},"bg_repeater":"#6756a5","intro_rn_slider":{"show_intro":false,"upper_title":"","headline":"","description":"","optional_link":""},"slider_rn":{"slider_resources":[{"upper_title":"Whitepaper","headline":"Future of Data and Reporting","short_description":"Meeting client needs will require firms to look for a solution that has the innate capabilities required for reporting and data management.","link":{"title":"Read Now","url":"https:\/\/clearwater-wp-staging.clearwateranalytics.com\/resources\/ebooks\/the-future-of-reporting-and-data-management-for-asset-managers\/","target":"_blank"}},{"upper_title":"Article","headline":"Build vs Buy","short_description":"In the financial services sector, there are two common strategies for technology implementation: build and buy.","link":{"title":"Read Now","url":"https:\/\/clearwater-wp-staging.clearwateranalytics.com\/resources\/blog\/build-vs-buy\/","target":"_blank"}},{"upper_title":"Brochure","headline":"Prism Overview Brochure","short_description":"Clearwater Prism is a cloud-native product that delivers multi-asset-class data from any custodian, service or data provider, and client or vendor platform.","link":{"title":"Read Now","url":"https:\/\/clearwater-wp-staging.clearwateranalytics.com\/resources\/ebooks\/clearwater-prism\/","target":"_blank"}}]},"activate_bg_g_rep":false,"bg_resources_color":{"background_color":"choose-color","activate_gradient":false},"repeater_reduce_top_spacing":false,"reduce_top_spacing":false,"automate_slider":true,"hide_global_cta":false,"password_protect_page":false,"repeater_section_optional_image":false,"callout_banner":{"show_section":false,"text":"","button":null,"additional_button":null},"resources_slider_hide_section":false,"partners_block":{"show_section":false,"section_subhead":"","section_headline":"","section_text":"","partners":false},"tab_section_headline":"","type_of_posts":"resources"},"_links":{"self":[{"href":"https:\/\/clearwater-wp-staging.clearwateranalytics.com\/fr\/wp-json\/wp\/v2\/pages\/16663","targetHints":{"allow":["GET"]}}],"collection":[{"href":"https:\/\/clearwater-wp-staging.clearwateranalytics.com\/fr\/wp-json\/wp\/v2\/pages"}],"about":[{"href":"https:\/\/clearwater-wp-staging.clearwateranalytics.com\/fr\/wp-json\/wp\/v2\/types\/page"}],"author":[{"embeddable":true,"href":"https:\/\/clearwater-wp-staging.clearwateranalytics.com\/fr\/wp-json\/wp\/v2\/users\/61"}],"replies":[{"embeddable":true,"href":"https:\/\/clearwater-wp-staging.clearwateranalytics.com\/fr\/wp-json\/wp\/v2\/comments?post=16663"}],"version-history":[{"count":12,"href":"https:\/\/clearwater-wp-staging.clearwateranalytics.com\/fr\/wp-json\/wp\/v2\/pages\/16663\/revisions"}],"predecessor-version":[{"id":18088,"href":"https:\/\/clearwater-wp-staging.clearwateranalytics.com\/fr\/wp-json\/wp\/v2\/pages\/16663\/revisions\/18088"}],"wp:attachment":[{"href":"https:\/\/clearwater-wp-staging.clearwateranalytics.com\/fr\/wp-json\/wp\/v2\/media?parent=16663"}],"curies":[{"name":"wp","href":"https:\/\/api.w.org\/{rel}","templated":true}]}}