{"id":16669,"date":"2022-07-29T11:43:13","date_gmt":"2022-07-29T17:43:13","guid":{"rendered":"https:\/\/clearwater-wp-staging.clearwateranalytics.com\/parlez-a-un-expert\/"},"modified":"2024-09-30T03:28:15","modified_gmt":"2024-09-30T09:28:15","slug":"parlez-a-un-expert","status":"publish","type":"page","link":"https:\/\/clearwater-wp-staging.clearwateranalytics.com\/fr\/parlez-a-un-expert\/","title":{"rendered":"Parlez \u00e0 un expert"},"content":{"rendered":"","protected":false},"excerpt":{"rendered":"","protected":false},"author":61,"featured_media":0,"parent":0,"menu_order":0,"comment_status":"closed","ping_status":"closed","template":"page-cta.php","meta":{"_acf_changed":false,"inline_featured_image":false,"footnotes":""},"class_list":["post-16669","page","type-page","status-publish","hentry"],"acf":{"activate_colorgradient":{"activate_gradient":true,"background_color":"#f7f7f7"},"intro_section":"<h2 style=\"text-align: center;\">Pourquoi choisir Clearwater Analytics ?<\/h2>\n<p style=\"text-align: center;\">Les professionnels du monde entier choisissent la solution SaaS <a href=\"https:\/\/clearwateranalytics.com\/fr\/\">Clearwater Analytics<\/a> pour automatiser la gestion de leurs donn\u00e9es\u202fd\u2019investissement, leur comptabilit\u00e9 des actifs et leur reporting. Parlez \u00e0 un expert d\u00e8s maintenant !<\/p>\n<p style=\"text-align: center;\"><a href=\"https:\/\/www.linkedin.com\/build-relation\/newsletter-follow?entityUrn=7156609752976822272\">Abonnez-vous<\/a> \u00e0 notre newsletter pour suivre toutes nos actualit\u00e9s.<\/p>\n","analytics":[{"number":"$4900 milliards","title":"AUM sur la plateforme"},{"number":"100%","title":"Syst\u00e8me SaaS"},{"number":"91%","title":"R\u00e9conciliation automatique des donn\u00e9es"},{"number":"13000+","title":"Utilisateurs de la plateforme"},{"number":"1200+","title":"Nouveaux produits chaque ann\u00e9e"},{"number":">60","title":"Taux de recommandation net"}],"clients_logos":[{"logo":{"ID":14878,"id":14878,"title":"JP-Morgan-logo","filename":"JP-Morgan-logo-e1629988125465.png","filesize":3488,"url":"https:\/\/clearwater-wp-staging.clearwateranalytics.com\/wp-content\/uploads\/2021\/08\/JP-Morgan-logo-e1629988125465.png","link":"https:\/\/clearwater-wp-staging.clearwateranalytics.com\/fr\/jp-morgan-logo-3\/","alt":"JP Morgan","author":"3","description":"","caption":"","name":"jp-morgan-logo-3","status":"inherit","uploaded_to":0,"date":"2021-08-25 18:23:06","modified":"2024-08-22 17:35:15","menu_order":0,"mime_type":"image\/png","type":"image","subtype":"png","icon":"https:\/\/clearwater-wp-staging.clearwateranalytics.com\/wp-includes\/images\/media\/default.png","width":162,"height":42,"sizes":{"thumbnail":"https:\/\/clearwater-wp-staging.clearwateranalytics.com\/wp-content\/uploads\/2021\/08\/JP-Morgan-logo-150x150.png","thumbnail-width":150,"thumbnail-height":150,"medium":"https:\/\/clearwater-wp-staging.clearwateranalytics.com\/wp-content\/uploads\/2021\/08\/JP-Morgan-logo-300x78.png","medium-width":300,"medium-height":78,"medium_large":"https:\/\/clearwater-wp-staging.clearwateranalytics.com\/wp-content\/uploads\/2021\/08\/JP-Morgan-logo-768x200.png","medium_large-width":768,"medium_large-height":200,"large":"https:\/\/clearwater-wp-staging.clearwateranalytics.com\/wp-content\/uploads\/2021\/08\/JP-Morgan-logo-1024x266.png","large-width":1024,"large-height":266,"1536x1536":"https:\/\/clearwater-wp-staging.clearwateranalytics.com\/wp-content\/uploads\/2021\/08\/JP-Morgan-logo-1536x399.png","1536x1536-width":1536,"1536x1536-height":399,"2048x2048":"https:\/\/clearwater-wp-staging.clearwateranalytics.com\/wp-content\/uploads\/2021\/08\/JP-Morgan-logo-2048x532.png","2048x2048-width":2048,"2048x2048-height":532,"menu-24x24":"https:\/\/clearwater-wp-staging.clearwateranalytics.com\/wp-content\/uploads\/2021\/08\/JP-Morgan-logo-e1629988125465.png","menu-24x24-width":24,"menu-24x24-height":6,"menu-36x36":"https:\/\/clearwater-wp-staging.clearwateranalytics.com\/wp-content\/uploads\/2021\/08\/JP-Morgan-logo-e1629988125465.png","menu-36x36-width":36,"menu-36x36-height":9,"menu-48x48":"https:\/\/clearwater-wp-staging.clearwateranalytics.com\/wp-content\/uploads\/2021\/08\/JP-Morgan-logo-e1629988125465.png","menu-48x48-width":48,"menu-48x48-height":12}}},{"logo":{"ID":15023,"id":15023,"title":"Credit Suisse Logo","filename":"Credit-Suisse-Logo.png","filesize":68198,"url":"https:\/\/clearwater-wp-staging.clearwateranalytics.com\/wp-content\/uploads\/2022\/01\/Credit-Suisse-Logo.png","link":"https:\/\/clearwater-wp-staging.clearwateranalytics.com\/fr\/comptabilite-des-actifs\/credit-suisse-logo-2\/","alt":"","author":"61","description":"","caption":"","name":"credit-suisse-logo-2","status":"inherit","uploaded_to":17365,"date":"2022-01-22 00:53:02","modified":"2022-01-22 00:53:02","menu_order":0,"mime_type":"image\/png","type":"image","subtype":"png","icon":"https:\/\/clearwater-wp-staging.clearwateranalytics.com\/wp-includes\/images\/media\/default.png","width":2560,"height":572,"sizes":{"thumbnail":"https:\/\/clearwater-wp-staging.clearwateranalytics.com\/wp-content\/uploads\/2022\/01\/Credit-Suisse-Logo-150x150.png","thumbnail-width":150,"thumbnail-height":150,"medium":"https:\/\/clearwater-wp-staging.clearwateranalytics.com\/wp-content\/uploads\/2022\/01\/Credit-Suisse-Logo-300x67.png","medium-width":300,"medium-height":67,"medium_large":"https:\/\/clearwater-wp-staging.clearwateranalytics.com\/wp-content\/uploads\/2022\/01\/Credit-Suisse-Logo-768x172.png","medium_large-width":768,"medium_large-height":172,"large":"https:\/\/clearwater-wp-staging.clearwateranalytics.com\/wp-content\/uploads\/2022\/01\/Credit-Suisse-Logo-1024x229.png","large-width":1024,"large-height":229,"1536x1536":"https:\/\/clearwater-wp-staging.clearwateranalytics.com\/wp-content\/uploads\/2022\/01\/Credit-Suisse-Logo-1536x343.png","1536x1536-width":1536,"1536x1536-height":343,"2048x2048":"https:\/\/clearwater-wp-staging.clearwateranalytics.com\/wp-content\/uploads\/2022\/01\/Credit-Suisse-Logo-2048x458.png","2048x2048-width":2048,"2048x2048-height":458,"menu-24x24":"https:\/\/clearwater-wp-staging.clearwateranalytics.com\/wp-content\/uploads\/2022\/01\/Credit-Suisse-Logo-24x5.png","menu-24x24-width":24,"menu-24x24-height":5,"menu-36x36":"https:\/\/clearwater-wp-staging.clearwateranalytics.com\/wp-content\/uploads\/2022\/01\/Credit-Suisse-Logo-36x8.png","menu-36x36-width":36,"menu-36x36-height":8,"menu-48x48":"https:\/\/clearwater-wp-staging.clearwateranalytics.com\/wp-content\/uploads\/2022\/01\/Credit-Suisse-Logo-48x11.png","menu-48x48-width":48,"menu-48x48-height":11}}},{"logo":{"ID":14963,"id":14963,"title":"London-Capital-logo","filename":"London-and-Capital-Logo.png","filesize":13641,"url":"https:\/\/clearwater-wp-staging.clearwateranalytics.com\/wp-content\/uploads\/2022\/01\/London-and-Capital-Logo.png","link":"https:\/\/clearwater-wp-staging.clearwateranalytics.com\/fr\/parlez-a-un-expert\/london-and-capital-logo-2\/","alt":"London & Capital","author":"61","description":"","caption":"","name":"london-and-capital-logo-2","status":"inherit","uploaded_to":16669,"date":"2022-01-08 16:38:02","modified":"2024-09-06 08:52:12","menu_order":0,"mime_type":"image\/png","type":"image","subtype":"png","icon":"https:\/\/clearwater-wp-staging.clearwateranalytics.com\/wp-includes\/images\/media\/default.png","width":1035,"height":158,"sizes":{"thumbnail":"https:\/\/clearwater-wp-staging.clearwateranalytics.com\/wp-content\/uploads\/2022\/01\/London-and-Capital-Logo-150x150.png","thumbnail-width":150,"thumbnail-height":150,"medium":"https:\/\/clearwater-wp-staging.clearwateranalytics.com\/wp-content\/uploads\/2022\/01\/London-and-Capital-Logo-300x46.png","medium-width":300,"medium-height":46,"medium_large":"https:\/\/clearwater-wp-staging.clearwateranalytics.com\/wp-content\/uploads\/2022\/01\/London-and-Capital-Logo-768x117.png","medium_large-width":768,"medium_large-height":117,"large":"https:\/\/clearwater-wp-staging.clearwateranalytics.com\/wp-content\/uploads\/2022\/01\/London-and-Capital-Logo-1024x156.png","large-width":1024,"large-height":156,"1536x1536":"https:\/\/clearwater-wp-staging.clearwateranalytics.com\/wp-content\/uploads\/2022\/01\/London-and-Capital-Logo.png","1536x1536-width":1035,"1536x1536-height":158,"2048x2048":"https:\/\/clearwater-wp-staging.clearwateranalytics.com\/wp-content\/uploads\/2022\/01\/London-and-Capital-Logo.png","2048x2048-width":1035,"2048x2048-height":158,"menu-24x24":"https:\/\/clearwater-wp-staging.clearwateranalytics.com\/wp-content\/uploads\/2022\/01\/London-and-Capital-Logo-24x4.png","menu-24x24-width":24,"menu-24x24-height":4,"menu-36x36":"https:\/\/clearwater-wp-staging.clearwateranalytics.com\/wp-content\/uploads\/2022\/01\/London-and-Capital-Logo-36x5.png","menu-36x36-width":36,"menu-36x36-height":5,"menu-48x48":"https:\/\/clearwater-wp-staging.clearwateranalytics.com\/wp-content\/uploads\/2022\/01\/London-and-Capital-Logo-48x7.png","menu-48x48-width":48,"menu-48x48-height":7}}},{"logo":{"ID":15020,"id":15020,"title":"Spotify Logo","filename":"Spotify-Logo.png","filesize":47711,"url":"https:\/\/clearwater-wp-staging.clearwateranalytics.com\/wp-content\/uploads\/2022\/01\/Spotify-Logo.png","link":"https:\/\/clearwater-wp-staging.clearwateranalytics.com\/fr\/comptabilite-des-actifs\/spotify-logo-2-2\/","alt":"","author":"61","description":"","caption":"","name":"spotify-logo-2-2","status":"inherit","uploaded_to":17365,"date":"2022-01-22 00:52:30","modified":"2022-01-22 00:52:30","menu_order":0,"mime_type":"image\/png","type":"image","subtype":"png","icon":"https:\/\/clearwater-wp-staging.clearwateranalytics.com\/wp-includes\/images\/media\/default.png","width":2362,"height":709,"sizes":{"thumbnail":"https:\/\/clearwater-wp-staging.clearwateranalytics.com\/wp-content\/uploads\/2022\/01\/Spotify-Logo-150x150.png","thumbnail-width":150,"thumbnail-height":150,"medium":"https:\/\/clearwater-wp-staging.clearwateranalytics.com\/wp-content\/uploads\/2022\/01\/Spotify-Logo-300x90.png","medium-width":300,"medium-height":90,"medium_large":"https:\/\/clearwater-wp-staging.clearwateranalytics.com\/wp-content\/uploads\/2022\/01\/Spotify-Logo-768x231.png","medium_large-width":768,"medium_large-height":231,"large":"https:\/\/clearwater-wp-staging.clearwateranalytics.com\/wp-content\/uploads\/2022\/01\/Spotify-Logo-1024x307.png","large-width":1024,"large-height":307,"1536x1536":"https:\/\/clearwater-wp-staging.clearwateranalytics.com\/wp-content\/uploads\/2022\/01\/Spotify-Logo-1536x461.png","1536x1536-width":1536,"1536x1536-height":461,"2048x2048":"https:\/\/clearwater-wp-staging.clearwateranalytics.com\/wp-content\/uploads\/2022\/01\/Spotify-Logo-2048x615.png","2048x2048-width":2048,"2048x2048-height":615,"menu-24x24":"https:\/\/clearwater-wp-staging.clearwateranalytics.com\/wp-content\/uploads\/2022\/01\/Spotify-Logo-24x7.png","menu-24x24-width":24,"menu-24x24-height":7,"menu-36x36":"https:\/\/clearwater-wp-staging.clearwateranalytics.com\/wp-content\/uploads\/2022\/01\/Spotify-Logo-36x11.png","menu-36x36-width":36,"menu-36x36-height":11,"menu-48x48":"https:\/\/clearwater-wp-staging.clearwateranalytics.com\/wp-content\/uploads\/2022\/01\/Spotify-Logo-48x14.png","menu-48x48-width":48,"menu-48x48-height":14}}},{"logo":{"ID":15066,"id":15066,"title":"Coface","filename":"Coface.png","filesize":69495,"url":"https:\/\/clearwater-wp-staging.clearwateranalytics.com\/wp-content\/uploads\/2022\/01\/Coface.png","link":"https:\/\/clearwater-wp-staging.clearwateranalytics.com\/fr\/comptabilite-des-actifs\/coface-2\/","alt":"","author":"61","description":"","caption":"","name":"coface-2","status":"inherit","uploaded_to":17365,"date":"2022-01-28 01:45:53","modified":"2022-01-28 01:45:53","menu_order":0,"mime_type":"image\/png","type":"image","subtype":"png","icon":"https:\/\/clearwater-wp-staging.clearwateranalytics.com\/wp-includes\/images\/media\/default.png","width":840,"height":296,"sizes":{"thumbnail":"https:\/\/clearwater-wp-staging.clearwateranalytics.com\/wp-content\/uploads\/2022\/01\/Coface-150x150.png","thumbnail-width":150,"thumbnail-height":150,"medium":"https:\/\/clearwater-wp-staging.clearwateranalytics.com\/wp-content\/uploads\/2022\/01\/Coface-300x106.png","medium-width":300,"medium-height":106,"medium_large":"https:\/\/clearwater-wp-staging.clearwateranalytics.com\/wp-content\/uploads\/2022\/01\/Coface-768x271.png","medium_large-width":768,"medium_large-height":271,"large":"https:\/\/clearwater-wp-staging.clearwateranalytics.com\/wp-content\/uploads\/2022\/01\/Coface.png","large-width":840,"large-height":296,"1536x1536":"https:\/\/clearwater-wp-staging.clearwateranalytics.com\/wp-content\/uploads\/2022\/01\/Coface.png","1536x1536-width":840,"1536x1536-height":296,"2048x2048":"https:\/\/clearwater-wp-staging.clearwateranalytics.com\/wp-content\/uploads\/2022\/01\/Coface.png","2048x2048-width":840,"2048x2048-height":296,"menu-24x24":"https:\/\/clearwater-wp-staging.clearwateranalytics.com\/wp-content\/uploads\/2022\/01\/Coface-24x8.png","menu-24x24-width":24,"menu-24x24-height":8,"menu-36x36":"https:\/\/clearwater-wp-staging.clearwateranalytics.com\/wp-content\/uploads\/2022\/01\/Coface-36x13.png","menu-36x36-width":36,"menu-36x36-height":13,"menu-48x48":"https:\/\/clearwater-wp-staging.clearwateranalytics.com\/wp-content\/uploads\/2022\/01\/Coface-48x17.png","menu-48x48-width":48,"menu-48x48-height":17}}},{"logo":{"ID":15067,"id":15067,"title":"Booking.com logo","filename":"Booking-com-logo.png","filesize":28114,"url":"https:\/\/clearwater-wp-staging.clearwateranalytics.com\/wp-content\/uploads\/2022\/01\/Booking-com-logo.png","link":"https:\/\/clearwater-wp-staging.clearwateranalytics.com\/fr\/comptabilite-des-actifs\/booking-com-logo-2\/","alt":"expert","author":"61","description":"","caption":"","name":"booking-com-logo-2","status":"inherit","uploaded_to":17365,"date":"2022-01-28 01:48:05","modified":"2024-09-30 09:27:29","menu_order":0,"mime_type":"image\/png","type":"image","subtype":"png","icon":"https:\/\/clearwater-wp-staging.clearwateranalytics.com\/wp-includes\/images\/media\/default.png","width":3840,"height":2160,"sizes":{"thumbnail":"https:\/\/clearwater-wp-staging.clearwateranalytics.com\/wp-content\/uploads\/2022\/01\/Booking-com-logo-150x150.png","thumbnail-width":150,"thumbnail-height":150,"medium":"https:\/\/clearwater-wp-staging.clearwateranalytics.com\/wp-content\/uploads\/2022\/01\/Booking-com-logo-300x169.png","medium-width":300,"medium-height":169,"medium_large":"https:\/\/clearwater-wp-staging.clearwateranalytics.com\/wp-content\/uploads\/2022\/01\/Booking-com-logo-768x432.png","medium_large-width":768,"medium_large-height":432,"large":"https:\/\/clearwater-wp-staging.clearwateranalytics.com\/wp-content\/uploads\/2022\/01\/Booking-com-logo-1024x576.png","large-width":1024,"large-height":576,"1536x1536":"https:\/\/clearwater-wp-staging.clearwateranalytics.com\/wp-content\/uploads\/2022\/01\/Booking-com-logo-1536x864.png","1536x1536-width":1536,"1536x1536-height":864,"2048x2048":"https:\/\/clearwater-wp-staging.clearwateranalytics.com\/wp-content\/uploads\/2022\/01\/Booking-com-logo-2048x1152.png","2048x2048-width":2048,"2048x2048-height":1152,"menu-24x24":"https:\/\/clearwater-wp-staging.clearwateranalytics.com\/wp-content\/uploads\/2022\/01\/Booking-com-logo-24x14.png","menu-24x24-width":24,"menu-24x24-height":14,"menu-36x36":"https:\/\/clearwater-wp-staging.clearwateranalytics.com\/wp-content\/uploads\/2022\/01\/Booking-com-logo-36x20.png","menu-36x36-width":36,"menu-36x36-height":20,"menu-48x48":"https:\/\/clearwater-wp-staging.clearwateranalytics.com\/wp-content\/uploads\/2022\/01\/Booking-com-logo-48x27.png","menu-48x48-width":48,"menu-48x48-height":27}}}],"intro_layouts":"intro_form","intro_with_large_image":{"background_color":"choose-color","headline":"","image":false,"description":"","link":{"title":"","url":"","target":"","0":""}},"quote":"'Le choix de Clearwater s\u2019est clairement impos\u00e9, pour ce qui est de la qualit\u00e9, du co\u00fbt et du risque. Clearwater permet une mise en \u0153uvre transparente, des donn\u00e9es \u00e0 jour et des rapports sur mesure dans lesquels nous pouvons avoir confiance. Le syst\u00e8me nous surprend tous les jours par sa facilit\u00e9 d\u2019utilisation et ses fonctionnalit\u00e9s. Nous n\u2019avons pas eu grand-chose \u00e0 faire, et nous pouvons d\u00e9sormais nous concentrer sur les investissements plut\u00f4t que sur le reporting manuel et la gestion du syst\u00e8me. Clearwater est simple, puissant et rapide.'","author_and_title":"Eddy Verbiest, ALM Manager, Baloise Insurance","intro_with_form":{"background_color":"choose-color","upper_title":"","headline":"Parlez \u00e0 un expert","description":"Clearwater r\u00e9invente la gestion des investissements gr\u00e2ce \u00e0 sa solution SaaS innovante.<br \/>\r\n<br \/>\r\nNous vous accompagnons non seulement dans l\u2019agr\u00e9gation et le traitement des donn\u00e9es d\u2019investissement mais \u00e9galement dans la cr\u00e9ation de reportings clients et r\u00e9glementaires, la comptabilit\u00e9 des investissements, le suivi de la conformit\u00e9 post-trade et des indicateurs de  performance et de risques.<br \/>\r\n<br \/>\r\nSuivez l\u2019activit\u00e9 de votre portefeuille en quelques clics et permettez \u00e0 vos \u00e9quipes de se concentrer sur ce qu\u2019elles font de mieux : g\u00e9rer vos actifs et assurer l\u2019exploitation de vos donn\u00e9es financi\u00e8res.<br \/>\r\n<br \/>\r\nComme plus de 1000 entreprises (soci\u00e9t\u00e9s de gestion, assureurs, corporates), fa\u00eetes confiance \u00e0 Clearwater !<br \/>\r\n<br \/>\r\nDemandez votre d\u00e9monstration personnalis\u00e9e d\u00e8s aujourd'hui et rencontrez nos experts !","bullet_points":[{"bullet_point":"Des donn\u00e9es d\u2019investissement agr\u00e9g\u00e9es et r\u00e9concili\u00e9es chaque jour"},{"bullet_point":"Des rapports d\u2019investissements personnalisables et \u00e0 la demande"},{"bullet_point":"Une solution unique couvrant les besoins de l\u2019ensemble de la chaine de valeur"}],"contact_info":false,"form":{"form_section_headline":"Partagez quelques informations, nous nous occupons du reste !","code_snippet":"<script src=\"\/\/go.clearwateranalytics.com\/js\/forms2\/js\/forms2.min.js\"><\/script>\r\n<form id=\"mktoForm_2247\"><\/form>\r\n<script>MktoForms2.loadForm(\"\/\/go.clearwateranalytics.com\", \"672-XRS-516\", 2247);<\/script>","success_message":"Merci pour votre demande. Un expert Clearwater Analytics vous contactera dans les plus brefs d\u00e9lais."},"full_width_more_info":""},"password_protect_page":false},"_links":{"self":[{"href":"https:\/\/clearwater-wp-staging.clearwateranalytics.com\/fr\/wp-json\/wp\/v2\/pages\/16669","targetHints":{"allow":["GET"]}}],"collection":[{"href":"https:\/\/clearwater-wp-staging.clearwateranalytics.com\/fr\/wp-json\/wp\/v2\/pages"}],"about":[{"href":"https:\/\/clearwater-wp-staging.clearwateranalytics.com\/fr\/wp-json\/wp\/v2\/types\/page"}],"author":[{"embeddable":true,"href":"https:\/\/clearwater-wp-staging.clearwateranalytics.com\/fr\/wp-json\/wp\/v2\/users\/61"}],"replies":[{"embeddable":true,"href":"https:\/\/clearwater-wp-staging.clearwateranalytics.com\/fr\/wp-json\/wp\/v2\/comments?post=16669"}],"version-history":[{"count":4,"href":"https:\/\/clearwater-wp-staging.clearwateranalytics.com\/fr\/wp-json\/wp\/v2\/pages\/16669\/revisions"}],"predecessor-version":[{"id":18094,"href":"https:\/\/clearwater-wp-staging.clearwateranalytics.com\/fr\/wp-json\/wp\/v2\/pages\/16669\/revisions\/18094"}],"wp:attachment":[{"href":"https:\/\/clearwater-wp-staging.clearwateranalytics.com\/fr\/wp-json\/wp\/v2\/media?parent=16669"}],"curies":[{"name":"wp","href":"https:\/\/api.w.org\/{rel}","templated":true}]}}